{"id":95,"date":"2021-12-12T05:33:58","date_gmt":"2021-12-12T04:33:58","guid":{"rendered":"https:\/\/demosites.royal-elementor-addons.com\/construction-v1\/?page_id=95"},"modified":"2023-04-06T16:20:06","modified_gmt":"2023-04-06T14:20:06","slug":"qui-sommes-nous","status":"publish","type":"page","link":"https:\/\/desamiantek.fr\/index.php\/qui-sommes-nous\/","title":{"rendered":"Qui sommes-nous"},"content":{"rendered":"\t\t<div data-elementor-type=\"wp-page\" data-elementor-id=\"95\" class=\"elementor elementor-95\">\n\t\t\t\t\t\t\t\t\t<section class=\"elementor-section elementor-top-section elementor-element elementor-element-3fe2c34e elementor-section-height-min-height elementor-section-content-middle elementor-section-boxed elementor-section-height-default elementor-section-items-middle wpr-particle-no wpr-jarallax-no wpr-parallax-no wpr-sticky-section-no\" data-id=\"3fe2c34e\" data-element_type=\"section\" data-settings=\"{&quot;background_background&quot;:&quot;classic&quot;}\">\n\t\t\t\t\t\t\t<div class=\"elementor-background-overlay\"><\/div>\n\t\t\t\t\t\t\t<div class=\"elementor-container elementor-column-gap-default\">\n\t\t\t\t\t<div class=\"elementor-column elementor-col-100 elementor-top-column elementor-element elementor-element-283162ca\" data-id=\"283162ca\" data-element_type=\"column\">\n\t\t\t<div class=\"elementor-widget-wrap elementor-element-populated\">\n\t\t\t\t\t\t\t\t<div class=\"elementor-element elementor-element-5d0d261a elementor-widget elementor-widget-heading\" data-id=\"5d0d261a\" data-element_type=\"widget\" data-widget_type=\"heading.default\">\n\t\t\t\t<div class=\"elementor-widget-container\">\n\t\t\t<style>\/*! elementor - v3.12.1 - 02-04-2023 *\/\n.elementor-heading-title{padding:0;margin:0;line-height:1}.elementor-widget-heading .elementor-heading-title[class*=elementor-size-]>a{color:inherit;font-size:inherit;line-height:inherit}.elementor-widget-heading .elementor-heading-title.elementor-size-small{font-size:15px}.elementor-widget-heading .elementor-heading-title.elementor-size-medium{font-size:19px}.elementor-widget-heading .elementor-heading-title.elementor-size-large{font-size:29px}.elementor-widget-heading .elementor-heading-title.elementor-size-xl{font-size:39px}.elementor-widget-heading .elementor-heading-title.elementor-size-xxl{font-size:59px}<\/style><h2 class=\"elementor-heading-title elementor-size-default\">Qui sommes-nous ?<\/h2>\t\t<\/div>\n\t\t\t\t<\/div>\n\t\t\t\t\t<\/div>\n\t\t<\/div>\n\t\t\t\t\t\t\t<\/div>\n\t\t<\/section>\n\t\t\t\t<section class=\"elementor-section elementor-top-section elementor-element elementor-element-9fe2548 elementor-section-boxed elementor-section-height-default elementor-section-height-default wpr-particle-no wpr-jarallax-no wpr-parallax-no wpr-sticky-section-no\" data-id=\"9fe2548\" data-element_type=\"section\">\n\t\t\t\t\t\t<div class=\"elementor-container elementor-column-gap-default\">\n\t\t\t\t\t<div class=\"elementor-column elementor-col-100 elementor-top-column elementor-element elementor-element-afd1489\" data-id=\"afd1489\" data-element_type=\"column\">\n\t\t\t<div class=\"elementor-widget-wrap elementor-element-populated\">\n\t\t\t\t\t\t\t\t<div class=\"elementor-element elementor-element-d887075 elementor-widget elementor-widget-video\" data-id=\"d887075\" data-element_type=\"widget\" data-settings=\"{&quot;youtube_url&quot;:&quot;https:\\\/\\\/www.youtube.com\\\/watch?v=cVk011lDMy8&quot;,&quot;video_type&quot;:&quot;youtube&quot;,&quot;controls&quot;:&quot;yes&quot;}\" data-widget_type=\"video.default\">\n\t\t\t\t<div class=\"elementor-widget-container\">\n\t\t\t<style>\/*! elementor - v3.12.1 - 02-04-2023 *\/\n.elementor-widget-video .elementor-widget-container{overflow:hidden;transform:translateZ(0)}.elementor-widget-video .elementor-wrapper iframe,.elementor-widget-video .elementor-wrapper video{height:100%;width:100%;display:flex;border:none;background-color:#000}.elementor-widget-video .elementor-open-inline .elementor-custom-embed-image-overlay{position:absolute;top:0;left:0;width:100%;height:100%;background-size:cover;background-position:50%}.elementor-widget-video .elementor-custom-embed-image-overlay{cursor:pointer;text-align:center}.elementor-widget-video .elementor-custom-embed-image-overlay:hover .elementor-custom-embed-play i{opacity:1}.elementor-widget-video .elementor-custom-embed-image-overlay img{display:block;width:100%}.elementor-widget-video .e-hosted-video .elementor-video{-o-object-fit:cover;object-fit:cover}.e-con-inner>.elementor-widget-video,.e-con>.elementor-widget-video{width:var(--container-widget-width);--flex-grow:var(--container-widget-flex-grow)}<\/style>\t\t<div class=\"elementor-wrapper elementor-open-inline\">\n\t\t\t<div class=\"elementor-video\"><\/div>\t\t<\/div>\n\t\t\t\t<\/div>\n\t\t\t\t<\/div>\n\t\t\t\t\t<\/div>\n\t\t<\/div>\n\t\t\t\t\t\t\t<\/div>\n\t\t<\/section>\n\t\t\t\t<section class=\"elementor-section elementor-top-section elementor-element elementor-element-ff16df2 elementor-section-boxed elementor-section-height-default elementor-section-height-default wpr-particle-no wpr-jarallax-no wpr-parallax-no wpr-sticky-section-no\" data-id=\"ff16df2\" data-element_type=\"section\">\n\t\t\t\t\t\t<div class=\"elementor-container elementor-column-gap-default\">\n\t\t\t\t\t<div class=\"elementor-column elementor-col-100 elementor-top-column elementor-element elementor-element-f6d9f3b\" data-id=\"f6d9f3b\" data-element_type=\"column\">\n\t\t\t<div class=\"elementor-widget-wrap elementor-element-populated\">\n\t\t\t\t\t\t\t\t<div class=\"elementor-element elementor-element-db652ce elementor-widget elementor-widget-text-editor\" data-id=\"db652ce\" data-element_type=\"widget\" data-widget_type=\"text-editor.default\">\n\t\t\t\t<div class=\"elementor-widget-container\">\n\t\t\t<style>\/*! elementor - v3.12.1 - 02-04-2023 *\/\n.elementor-widget-text-editor.elementor-drop-cap-view-stacked .elementor-drop-cap{background-color:#69727d;color:#fff}.elementor-widget-text-editor.elementor-drop-cap-view-framed .elementor-drop-cap{color:#69727d;border:3px solid;background-color:transparent}.elementor-widget-text-editor:not(.elementor-drop-cap-view-default) .elementor-drop-cap{margin-top:8px}.elementor-widget-text-editor:not(.elementor-drop-cap-view-default) .elementor-drop-cap-letter{width:1em;height:1em}.elementor-widget-text-editor .elementor-drop-cap{float:left;text-align:center;line-height:1;font-size:50px}.elementor-widget-text-editor .elementor-drop-cap-letter{display:inline-block}<\/style>\t\t\t\t<p>L&rsquo;histoire de Desamiantek<\/p>\t\t\t\t\t\t<\/div>\n\t\t\t\t<\/div>\n\t\t\t\t<div class=\"elementor-element elementor-element-4b914e4 wpr-list-style-none elementor-widget elementor-widget-wpr-posts-timeline\" data-id=\"4b914e4\" data-element_type=\"widget\" data-settings=\"{&quot;animation_offset&quot;:150,&quot;aos_animation_duration&quot;:600}\" data-widget_type=\"wpr-posts-timeline.default\">\n\t\t\t\t<div class=\"elementor-widget-container\">\n\t\t\t\n\t\t<div class=\"wpr-wrapper wpr-vertical wpr-centered\">\n\t\t\t<div class=\"wpr-timeline-centered wpr-line wpr-both-sided-timeline\"><div class=\"wpr-middle-line\"><\/div><div class=\"wpr-timeline-fill\" data-layout=\"centered\"><\/div><article class=\"wpr-timeline-entry wpr-left-aligned elementor-repeater-item-815ef58\" data-item-id=\"elementor-repeater-item-815ef58\"><time class=\"wpr-extra-label\" data-aos=\"fade\" data-aos-left=\"\" data-aos-right=\"\" data-animation-offset=\"150\" data-animation-duration=\"600\"><span class=\"wpr-label\">2008<\/span><\/time><div class=\"wpr-timeline-entry-inner\"><div class=\"wpr-main-line-icon wpr-icon\"><i aria-hidden=\"true\" class=\"fas fa-pencil-ruler\"><\/i><\/div><div class=\"wpr-story-info-vertical wpr-data-wrap \"  data-aos=\"fade\" data-aos-left=\"\" data-aos-right=\"\" data-animation-offset=\"150\" data-animation-duration=\"600\"><div class=\"wpr-animation-wrap wpr-timeline-media\"><img loading=\"lazy\" decoding=\"async\" width=\"896\" height=\"598\" src=\"https:\/\/desamiantek.fr\/wp-content\/uploads\/2023\/04\/001333269_896x598_c.jpg\" class=\"attachment-full size-full\" alt=\"\" srcset=\"https:\/\/desamiantek.fr\/wp-content\/uploads\/2023\/04\/001333269_896x598_c.jpg 896w, https:\/\/desamiantek.fr\/wp-content\/uploads\/2023\/04\/001333269_896x598_c-300x200.jpg 300w, https:\/\/desamiantek.fr\/wp-content\/uploads\/2023\/04\/001333269_896x598_c-768x513.jpg 768w\" sizes=\"auto, (max-width: 896px) 100vw, 896px\" \/><\/div><div class=\"wpr-timeline-content-wrapper\"><div class=\"wpr-content-wrapper\"><p class=\"wpr-title-wrap\"><a  class=\"wpr-title\">Les d\u00e9buts de l&#039;aventure entrepreneuriale<\/a><\/p><div class=\"wpr-description\"><div class=\"point-list d-flex align-items-start aos-init aos-animate\" data-aos=\"fade-up\"><div class=\"d-flex flex-column point-text\"><div class=\"point-desc\">Fabrice Houssait (g\u00e9rant de Desamiantek) reprend l'entreprise Aury Peintures &amp; D\u00e9cors, d\u00e9j\u00e0 en compagnie de Caroline Dumas son bras droit.\u00a0<\/div><\/div><\/div><\/div><\/div><\/div><\/div>\n\t\t\t\t\t\t<\/div>\n\t\t\t\t<\/article><article class=\"wpr-timeline-entry wpr-right-aligned elementor-repeater-item-53e0326\" data-item-id=\"elementor-repeater-item-53e0326\"><time class=\"wpr-extra-label\" data-aos=\"fade\" data-aos-left=\"\" data-aos-right=\"\" data-animation-offset=\"150\" data-animation-duration=\"600\"><span class=\"wpr-label\">2014<\/span><\/time><div class=\"wpr-timeline-entry-inner\"><div class=\"wpr-main-line-icon wpr-icon\"><i aria-hidden=\"true\" class=\"fas fa-pencil-ruler\"><\/i><\/div><div class=\"wpr-story-info-vertical wpr-data-wrap \"  data-aos=\"fade\" data-aos-left=\"\" data-aos-right=\"\" data-animation-offset=\"150\" data-animation-duration=\"600\"><div class=\"wpr-animation-wrap wpr-timeline-media\"><img loading=\"lazy\" decoding=\"async\" width=\"1366\" height=\"768\" src=\"https:\/\/desamiantek.fr\/wp-content\/uploads\/2023\/04\/Sans-titre-133.png\" class=\"attachment-full size-full\" alt=\"\" srcset=\"https:\/\/desamiantek.fr\/wp-content\/uploads\/2023\/04\/Sans-titre-133.png 1366w, https:\/\/desamiantek.fr\/wp-content\/uploads\/2023\/04\/Sans-titre-133-300x169.png 300w, https:\/\/desamiantek.fr\/wp-content\/uploads\/2023\/04\/Sans-titre-133-1024x576.png 1024w, https:\/\/desamiantek.fr\/wp-content\/uploads\/2023\/04\/Sans-titre-133-768x432.png 768w\" sizes=\"auto, (max-width: 1366px) 100vw, 1366px\" \/><\/div><div class=\"wpr-timeline-content-wrapper\"><div class=\"wpr-content-wrapper\"><p class=\"wpr-title-wrap\"><a  class=\"wpr-title\">La 1\u00e8re entreprise de d\u00e9samiantage du d\u00e9partement de l&#039;Orne <\/a><\/p><div class=\"wpr-description\"><div class=\"row block-row clr-1\"><div class=\"col-lg-8 points clr-1 aos-init aos-animate\" data-aos=\"fade-up\" data-aos-anchor=\".points\"><div class=\"point-list d-flex align-items-start aos-init aos-animate\" data-aos=\"fade-up\"><div class=\"d-flex flex-column point-text\"><div class=\"point-desc\">L'entreprise s'octroie comme mission d'\u00e9radiquer une mati\u00e8re dangereuse pour la sant\u00e9 des fran\u00e7ais : l'amiante. Nous entamons notre transformation vers le d\u00e9samiantage.\u00a0<\/div><\/div><\/div><\/div><\/div><\/div><\/div><\/div><\/div>\n\t\t\t\t\t\t<\/div>\n\t\t\t\t<\/article><article class=\"wpr-timeline-entry wpr-left-aligned elementor-repeater-item-cd7cf03\" data-item-id=\"elementor-repeater-item-cd7cf03\"><time class=\"wpr-extra-label\" data-aos=\"fade\" data-aos-left=\"\" data-aos-right=\"\" data-animation-offset=\"150\" data-animation-duration=\"600\"><span class=\"wpr-label\">2017<\/span><\/time><div class=\"wpr-timeline-entry-inner\"><div class=\"wpr-main-line-icon wpr-icon\"><i aria-hidden=\"true\" class=\"fas fa-pencil-ruler\"><\/i><\/div><div class=\"wpr-story-info-vertical wpr-data-wrap \"  data-aos=\"fade\" data-aos-left=\"\" data-aos-right=\"\" data-animation-offset=\"150\" data-animation-duration=\"600\"><div class=\"wpr-animation-wrap wpr-timeline-media\"><img loading=\"lazy\" decoding=\"async\" width=\"225\" height=\"90\" src=\"https:\/\/desamiantek.fr\/wp-content\/uploads\/2023\/04\/logoAgate-2.jpg\" class=\"attachment-full size-full\" alt=\"\" \/><\/div><div class=\"wpr-timeline-content-wrapper\"><div class=\"wpr-content-wrapper\"><p class=\"wpr-title-wrap\"><a  class=\"wpr-title\">Naissance du Logiciel Agate Desamiantage : L&#039;obsession de bien faire les choses<\/a><\/p><div class=\"wpr-description\"><div class=\"point-list d-flex align-items-start aos-init aos-animate\" data-aos=\"fade-up\"><div class=\"d-flex flex-column point-text\"><div class=\"point-desc\">Le d\u00e9samiantage est un m\u00e9tier tr\u00e8s r\u00e9glement\u00e9 dans lequel il est tr\u00e8s difficile (et quasiment impossible) de faire les choses biens lorsqu'on n'est pas arm\u00e9 correctement. C'est en ce sens qu'en 2017 nous d\u00e9cidons de cr\u00e9er le Logiciel Agate Desamiantage qui permet de supprimer tous risques d'erreurs ou de non conformit\u00e9s gr\u00e2ce \u00e0 l'automatisation des t\u00e2ches et une proc\u00e9dure conforme aux exigences \u00e9tatiques. Deux objectifs : bien travailler pour les clients, et prot\u00e9ger la sant\u00e9 des d\u00e9samianteurs. Le logiciel est aujourd'hui utilis\u00e9 par des d\u00e9samianteurs qui agissent dans toute la France.\u00a0<\/div><\/div><\/div><\/div><\/div><\/div><\/div>\n\t\t\t\t\t\t<\/div>\n\t\t\t\t<\/article><article class=\"wpr-timeline-entry wpr-right-aligned elementor-repeater-item-2225ef7\" data-item-id=\"elementor-repeater-item-2225ef7\"><time class=\"wpr-extra-label\" data-aos=\"fade\" data-aos-left=\"\" data-aos-right=\"\" data-animation-offset=\"150\" data-animation-duration=\"600\"><span class=\"wpr-label\">2019<\/span><\/time><div class=\"wpr-timeline-entry-inner\"><div class=\"wpr-main-line-icon wpr-icon\"><i aria-hidden=\"true\" class=\"fas fa-pencil-ruler\"><\/i><\/div><div class=\"wpr-story-info-vertical wpr-data-wrap \"  data-aos=\"fade\" data-aos-left=\"\" data-aos-right=\"\" data-animation-offset=\"150\" data-animation-duration=\"600\"><div class=\"wpr-animation-wrap wpr-timeline-media\"><img loading=\"lazy\" decoding=\"async\" width=\"2880\" height=\"1498\" src=\"https:\/\/desamiantek.fr\/wp-content\/uploads\/2023\/04\/Capture-decran-2023-04-05-a-21.54.35.png\" class=\"attachment-full size-full\" alt=\"\" srcset=\"https:\/\/desamiantek.fr\/wp-content\/uploads\/2023\/04\/Capture-decran-2023-04-05-a-21.54.35.png 2880w, https:\/\/desamiantek.fr\/wp-content\/uploads\/2023\/04\/Capture-decran-2023-04-05-a-21.54.35-300x156.png 300w, https:\/\/desamiantek.fr\/wp-content\/uploads\/2023\/04\/Capture-decran-2023-04-05-a-21.54.35-1024x533.png 1024w, https:\/\/desamiantek.fr\/wp-content\/uploads\/2023\/04\/Capture-decran-2023-04-05-a-21.54.35-768x399.png 768w, https:\/\/desamiantek.fr\/wp-content\/uploads\/2023\/04\/Capture-decran-2023-04-05-a-21.54.35-1536x799.png 1536w, https:\/\/desamiantek.fr\/wp-content\/uploads\/2023\/04\/Capture-decran-2023-04-05-a-21.54.35-2048x1065.png 2048w\" sizes=\"auto, (max-width: 2880px) 100vw, 2880px\" \/><\/div><div class=\"wpr-timeline-content-wrapper\"><div class=\"wpr-content-wrapper\"><p class=\"wpr-title-wrap\"><a  class=\"wpr-title\">Une r\u00e9compense pour notre travail<\/a><\/p><div class=\"wpr-description\"><p>En 2019 nous recevons le grand prix entrepreneur Stars &amp; M\u00e9tiers. Et c'est aussi un instant tr\u00e8s important pour la vie de l'entreprise que \u00e7a y est, la d\u00e9cision est prise : se consacrer totalement au d\u00e9samiantage. Pour incarner cette d\u00e9cision coll\u00e9giale, Aury Peinture devient <strong>Desamiantek<\/strong>.\u00a0<\/p><\/div><\/div><\/div><\/div>\n\t\t\t\t\t\t<\/div>\n\t\t\t\t<\/article><\/div>    \n\t\t\t<\/div>\t\t<\/div>\n\t\t\t\t<\/div>\n\t\t\t\t\t<\/div>\n\t\t<\/div>\n\t\t\t\t\t\t\t<\/div>\n\t\t<\/section>\n\t\t\t\t<section class=\"elementor-section elementor-top-section elementor-element elementor-element-4f228bf elementor-section-boxed elementor-section-height-default elementor-section-height-default wpr-particle-no wpr-jarallax-no wpr-parallax-no wpr-sticky-section-no\" data-id=\"4f228bf\" data-element_type=\"section\">\n\t\t\t\t\t\t<div class=\"elementor-container elementor-column-gap-default\">\n\t\t\t\t\t<div class=\"elementor-column elementor-col-100 elementor-top-column elementor-element elementor-element-5425661\" data-id=\"5425661\" data-element_type=\"column\">\n\t\t\t<div class=\"elementor-widget-wrap elementor-element-populated\">\n\t\t\t\t\t\t\t\t<div class=\"elementor-element elementor-element-b79d0a3 elementor-widget elementor-widget-image\" data-id=\"b79d0a3\" data-element_type=\"widget\" data-widget_type=\"image.default\">\n\t\t\t\t<div class=\"elementor-widget-container\">\n\t\t\t<style>\/*! elementor - v3.12.1 - 02-04-2023 *\/\n.elementor-widget-image{text-align:center}.elementor-widget-image a{display:inline-block}.elementor-widget-image a img[src$=\".svg\"]{width:48px}.elementor-widget-image img{vertical-align:middle;display:inline-block}<\/style>\t\t\t\t\t\t\t\t\t\t\t\t<img loading=\"lazy\" decoding=\"async\" width=\"300\" height=\"300\" src=\"https:\/\/desamiantek.fr\/wp-content\/uploads\/2023\/04\/Sans-titre-131-300x300.png\" class=\"attachment-medium size-medium wp-image-669\" alt=\"\" srcset=\"https:\/\/desamiantek.fr\/wp-content\/uploads\/2023\/04\/Sans-titre-131-300x300.png 300w, https:\/\/desamiantek.fr\/wp-content\/uploads\/2023\/04\/Sans-titre-131-150x150.png 150w, https:\/\/desamiantek.fr\/wp-content\/uploads\/2023\/04\/Sans-titre-131.png 500w\" sizes=\"auto, (max-width: 300px) 100vw, 300px\" \/>\t\t\t\t\t\t\t\t\t\t\t\t\t\t\t<\/div>\n\t\t\t\t<\/div>\n\t\t\t\t<div class=\"elementor-element elementor-element-6350ab2 elementor-widget elementor-widget-text-editor\" data-id=\"6350ab2\" data-element_type=\"widget\" data-widget_type=\"text-editor.default\">\n\t\t\t\t<div class=\"elementor-widget-container\">\n\t\t\t\t\t\t\t<p>L&rsquo;aventure continue.\u00a0<\/p>\t\t\t\t\t\t<\/div>\n\t\t\t\t<\/div>\n\t\t\t\t<div class=\"elementor-element elementor-element-44be336 elementor-align-center elementor-widget elementor-widget-button\" data-id=\"44be336\" data-element_type=\"widget\" data-widget_type=\"button.default\">\n\t\t\t\t<div class=\"elementor-widget-container\">\n\t\t\t\t\t<div class=\"elementor-button-wrapper\">\n\t\t\t<a href=\"https:\/\/desamiantek.fr\/index.php\/contact\/\" class=\"elementor-button-link elementor-button elementor-size-lg\" role=\"button\">\n\t\t\t\t\t\t<span class=\"elementor-button-content-wrapper\">\n\t\t\t\t\t\t<span class=\"elementor-button-text\">Nous contacter<\/span>\n\t\t<\/span>\n\t\t\t\t\t<\/a>\n\t\t<\/div>\n\t\t\t\t<\/div>\n\t\t\t\t<\/div>\n\t\t\t\t\t<\/div>\n\t\t<\/div>\n\t\t\t\t\t\t\t<\/div>\n\t\t<\/section>\n\t\t\t\t\t\t\t<\/div>\n\t\t","protected":false},"excerpt":{"rendered":"<p>Qui sommes-nous ? L&rsquo;histoire de Desamiantek 2008 Les d\u00e9buts de l&rsquo;aventure entrepreneuriale Fabrice Houssait (g\u00e9rant de Desamiantek) reprend l&rsquo;entreprise Aury Peintures &amp; D\u00e9cors, d\u00e9j\u00e0 en compagnie de Caroline Dumas son bras droit. 2014 La 1\u00e8re entreprise de d\u00e9samiantage du d\u00e9partement de l&rsquo;Orne L&rsquo;entreprise s&rsquo;octroie comme mission d&rsquo;\u00e9radiquer une mati\u00e8re dangereuse pour la sant\u00e9 des fran\u00e7ais [&hellip;]<\/p>\n","protected":false},"author":1,"featured_media":0,"parent":0,"menu_order":0,"comment_status":"closed","ping_status":"closed","template":"elementor_canvas","meta":{"footnotes":""},"class_list":["post-95","page","type-page","status-publish","hentry"],"yoast_head":"<!-- This site is optimized with the Yoast SEO plugin v20.4 - https:\/\/yoast.com\/wordpress\/plugins\/seo\/ -->\n<title>Qui sommes-nous - Desamiantek<\/title>\n<meta name=\"description\" content=\"D\u00e9couvrez l&#039;histoire de l&#039;entreprise desamiantek. La premi\u00e8re entreprise dans l&#039;Orne \u00e0 s&#039;\u00eatre octroy\u00e9 comme mission d&#039;\u00e9radiquer l&#039;amiante.\" \/>\n<meta name=\"robots\" content=\"index, follow, max-snippet:-1, max-image-preview:large, max-video-preview:-1\" \/>\n<link rel=\"canonical\" href=\"https:\/\/desamiantek.fr\/index.php\/qui-sommes-nous\/\" \/>\n<meta property=\"og:locale\" content=\"fr_FR\" \/>\n<meta property=\"og:type\" content=\"article\" \/>\n<meta property=\"og:title\" content=\"Qui sommes-nous - Desamiantek\" \/>\n<meta property=\"og:description\" content=\"D\u00e9couvrez l&#039;histoire de l&#039;entreprise desamiantek. La premi\u00e8re entreprise dans l&#039;Orne \u00e0 s&#039;\u00eatre octroy\u00e9 comme mission d&#039;\u00e9radiquer l&#039;amiante.\" \/>\n<meta property=\"og:url\" content=\"https:\/\/desamiantek.fr\/index.php\/qui-sommes-nous\/\" \/>\n<meta property=\"og:site_name\" content=\"Desamiantek\" \/>\n<meta property=\"article:modified_time\" content=\"2023-04-06T14:20:06+00:00\" \/>\n<meta property=\"og:image\" content=\"https:\/\/desamiantek.fr\/wp-content\/uploads\/2023\/04\/001333269_896x598_c.jpg\" \/>\n<meta name=\"twitter:card\" content=\"summary_large_image\" \/>\n<meta name=\"twitter:label1\" content=\"Dur\u00e9e de lecture estim\u00e9e\" \/>\n\t<meta name=\"twitter:data1\" content=\"3 minutes\" \/>\n<script type=\"application\/ld+json\" class=\"yoast-schema-graph\">{\"@context\":\"https:\/\/schema.org\",\"@graph\":[{\"@type\":\"WebPage\",\"@id\":\"https:\/\/desamiantek.fr\/index.php\/qui-sommes-nous\/\",\"url\":\"https:\/\/desamiantek.fr\/index.php\/qui-sommes-nous\/\",\"name\":\"Qui sommes-nous - Desamiantek\",\"isPartOf\":{\"@id\":\"https:\/\/desamiantek.fr\/#website\"},\"datePublished\":\"2021-12-12T04:33:58+00:00\",\"dateModified\":\"2023-04-06T14:20:06+00:00\",\"description\":\"D\u00e9couvrez l'histoire de l'entreprise desamiantek. La premi\u00e8re entreprise dans l'Orne \u00e0 s'\u00eatre octroy\u00e9 comme mission d'\u00e9radiquer l'amiante.\",\"breadcrumb\":{\"@id\":\"https:\/\/desamiantek.fr\/index.php\/qui-sommes-nous\/#breadcrumb\"},\"inLanguage\":\"fr-FR\",\"potentialAction\":[{\"@type\":\"ReadAction\",\"target\":[\"https:\/\/desamiantek.fr\/index.php\/qui-sommes-nous\/\"]}]},{\"@type\":\"BreadcrumbList\",\"@id\":\"https:\/\/desamiantek.fr\/index.php\/qui-sommes-nous\/#breadcrumb\",\"itemListElement\":[{\"@type\":\"ListItem\",\"position\":1,\"name\":\"Accueil\",\"item\":\"https:\/\/desamiantek.fr\/\"},{\"@type\":\"ListItem\",\"position\":2,\"name\":\"Qui sommes-nous\"}]},{\"@type\":\"WebSite\",\"@id\":\"https:\/\/desamiantek.fr\/#website\",\"url\":\"https:\/\/desamiantek.fr\/\",\"name\":\"Desamiantek\",\"description\":\"\u00c9radiquer l&#039;amiante. Des professionnels qualifi\u00e9s pour le d\u00e9samiantage de vos chantiers\",\"publisher\":{\"@id\":\"https:\/\/desamiantek.fr\/#organization\"},\"potentialAction\":[{\"@type\":\"SearchAction\",\"target\":{\"@type\":\"EntryPoint\",\"urlTemplate\":\"https:\/\/desamiantek.fr\/?s={search_term_string}\"},\"query-input\":\"required name=search_term_string\"}],\"inLanguage\":\"fr-FR\"},{\"@type\":\"Organization\",\"@id\":\"https:\/\/desamiantek.fr\/#organization\",\"name\":\"Desamiantek\",\"url\":\"https:\/\/desamiantek.fr\/\",\"logo\":{\"@type\":\"ImageObject\",\"inLanguage\":\"fr-FR\",\"@id\":\"https:\/\/desamiantek.fr\/#\/schema\/logo\/image\/\",\"url\":\"https:\/\/desamiantek.fr\/wp-content\/uploads\/2023\/04\/Sans-titre-131.png\",\"contentUrl\":\"https:\/\/desamiantek.fr\/wp-content\/uploads\/2023\/04\/Sans-titre-131.png\",\"width\":500,\"height\":500,\"caption\":\"Desamiantek\"},\"image\":{\"@id\":\"https:\/\/desamiantek.fr\/#\/schema\/logo\/image\/\"}}]}<\/script>\n<!-- \/ Yoast SEO plugin. -->","yoast_head_json":{"title":"Qui sommes-nous - Desamiantek","description":"D\u00e9couvrez l'histoire de l'entreprise desamiantek. La premi\u00e8re entreprise dans l'Orne \u00e0 s'\u00eatre octroy\u00e9 comme mission d'\u00e9radiquer l'amiante.","robots":{"index":"index","follow":"follow","max-snippet":"max-snippet:-1","max-image-preview":"max-image-preview:large","max-video-preview":"max-video-preview:-1"},"canonical":"https:\/\/desamiantek.fr\/index.php\/qui-sommes-nous\/","og_locale":"fr_FR","og_type":"article","og_title":"Qui sommes-nous - Desamiantek","og_description":"D\u00e9couvrez l'histoire de l'entreprise desamiantek. La premi\u00e8re entreprise dans l'Orne \u00e0 s'\u00eatre octroy\u00e9 comme mission d'\u00e9radiquer l'amiante.","og_url":"https:\/\/desamiantek.fr\/index.php\/qui-sommes-nous\/","og_site_name":"Desamiantek","article_modified_time":"2023-04-06T14:20:06+00:00","og_image":[{"url":"https:\/\/desamiantek.fr\/wp-content\/uploads\/2023\/04\/001333269_896x598_c.jpg"}],"twitter_card":"summary_large_image","twitter_misc":{"Dur\u00e9e de lecture estim\u00e9e":"3 minutes"},"schema":{"@context":"https:\/\/schema.org","@graph":[{"@type":"WebPage","@id":"https:\/\/desamiantek.fr\/index.php\/qui-sommes-nous\/","url":"https:\/\/desamiantek.fr\/index.php\/qui-sommes-nous\/","name":"Qui sommes-nous - Desamiantek","isPartOf":{"@id":"https:\/\/desamiantek.fr\/#website"},"datePublished":"2021-12-12T04:33:58+00:00","dateModified":"2023-04-06T14:20:06+00:00","description":"D\u00e9couvrez l'histoire de l'entreprise desamiantek. La premi\u00e8re entreprise dans l'Orne \u00e0 s'\u00eatre octroy\u00e9 comme mission d'\u00e9radiquer l'amiante.","breadcrumb":{"@id":"https:\/\/desamiantek.fr\/index.php\/qui-sommes-nous\/#breadcrumb"},"inLanguage":"fr-FR","potentialAction":[{"@type":"ReadAction","target":["https:\/\/desamiantek.fr\/index.php\/qui-sommes-nous\/"]}]},{"@type":"BreadcrumbList","@id":"https:\/\/desamiantek.fr\/index.php\/qui-sommes-nous\/#breadcrumb","itemListElement":[{"@type":"ListItem","position":1,"name":"Accueil","item":"https:\/\/desamiantek.fr\/"},{"@type":"ListItem","position":2,"name":"Qui sommes-nous"}]},{"@type":"WebSite","@id":"https:\/\/desamiantek.fr\/#website","url":"https:\/\/desamiantek.fr\/","name":"Desamiantek","description":"\u00c9radiquer l&#039;amiante. Des professionnels qualifi\u00e9s pour le d\u00e9samiantage de vos chantiers","publisher":{"@id":"https:\/\/desamiantek.fr\/#organization"},"potentialAction":[{"@type":"SearchAction","target":{"@type":"EntryPoint","urlTemplate":"https:\/\/desamiantek.fr\/?s={search_term_string}"},"query-input":"required name=search_term_string"}],"inLanguage":"fr-FR"},{"@type":"Organization","@id":"https:\/\/desamiantek.fr\/#organization","name":"Desamiantek","url":"https:\/\/desamiantek.fr\/","logo":{"@type":"ImageObject","inLanguage":"fr-FR","@id":"https:\/\/desamiantek.fr\/#\/schema\/logo\/image\/","url":"https:\/\/desamiantek.fr\/wp-content\/uploads\/2023\/04\/Sans-titre-131.png","contentUrl":"https:\/\/desamiantek.fr\/wp-content\/uploads\/2023\/04\/Sans-titre-131.png","width":500,"height":500,"caption":"Desamiantek"},"image":{"@id":"https:\/\/desamiantek.fr\/#\/schema\/logo\/image\/"}}]}},"_links":{"self":[{"href":"https:\/\/desamiantek.fr\/index.php\/wp-json\/wp\/v2\/pages\/95","targetHints":{"allow":["GET"]}}],"collection":[{"href":"https:\/\/desamiantek.fr\/index.php\/wp-json\/wp\/v2\/pages"}],"about":[{"href":"https:\/\/desamiantek.fr\/index.php\/wp-json\/wp\/v2\/types\/page"}],"author":[{"embeddable":true,"href":"https:\/\/desamiantek.fr\/index.php\/wp-json\/wp\/v2\/users\/1"}],"replies":[{"embeddable":true,"href":"https:\/\/desamiantek.fr\/index.php\/wp-json\/wp\/v2\/comments?post=95"}],"version-history":[{"count":35,"href":"https:\/\/desamiantek.fr\/index.php\/wp-json\/wp\/v2\/pages\/95\/revisions"}],"predecessor-version":[{"id":905,"href":"https:\/\/desamiantek.fr\/index.php\/wp-json\/wp\/v2\/pages\/95\/revisions\/905"}],"wp:attachment":[{"href":"https:\/\/desamiantek.fr\/index.php\/wp-json\/wp\/v2\/media?parent=95"}],"curies":[{"name":"wp","href":"https:\/\/api.w.org\/{rel}","templated":true}]}}