{"id":97,"date":"2021-12-12T05:34:58","date_gmt":"2021-12-12T04:34:58","guid":{"rendered":"https:\/\/demosites.royal-elementor-addons.com\/construction-v1\/?page_id=97"},"modified":"2023-04-06T16:18:49","modified_gmt":"2023-04-06T14:18:49","slug":"projets","status":"publish","type":"page","link":"https:\/\/desamiantek.fr\/index.php\/projets\/","title":{"rendered":"Projects"},"content":{"rendered":"\t\t<div data-elementor-type=\"wp-page\" data-elementor-id=\"97\" class=\"elementor elementor-97\">\n\t\t\t\t\t\t\t\t\t<section class=\"elementor-section elementor-top-section elementor-element elementor-element-11bf84e9 elementor-section-height-min-height elementor-section-content-middle elementor-section-boxed elementor-section-height-default elementor-section-items-middle wpr-particle-no wpr-jarallax-no wpr-parallax-no wpr-sticky-section-no\" data-id=\"11bf84e9\" data-element_type=\"section\" data-settings=\"{&quot;background_background&quot;:&quot;classic&quot;}\">\n\t\t\t\t\t\t\t<div class=\"elementor-background-overlay\"><\/div>\n\t\t\t\t\t\t\t<div class=\"elementor-container elementor-column-gap-default\">\n\t\t\t\t\t<div class=\"elementor-column elementor-col-100 elementor-top-column elementor-element elementor-element-6b9962d4\" data-id=\"6b9962d4\" data-element_type=\"column\">\n\t\t\t<div class=\"elementor-widget-wrap elementor-element-populated\">\n\t\t\t\t\t\t\t\t<div class=\"elementor-element elementor-element-4933e718 elementor-widget elementor-widget-heading\" data-id=\"4933e718\" data-element_type=\"widget\" data-widget_type=\"heading.default\">\n\t\t\t\t<div class=\"elementor-widget-container\">\n\t\t\t<style>\/*! elementor - v3.12.1 - 02-04-2023 *\/\n.elementor-heading-title{padding:0;margin:0;line-height:1}.elementor-widget-heading .elementor-heading-title[class*=elementor-size-]>a{color:inherit;font-size:inherit;line-height:inherit}.elementor-widget-heading .elementor-heading-title.elementor-size-small{font-size:15px}.elementor-widget-heading .elementor-heading-title.elementor-size-medium{font-size:19px}.elementor-widget-heading .elementor-heading-title.elementor-size-large{font-size:29px}.elementor-widget-heading .elementor-heading-title.elementor-size-xl{font-size:39px}.elementor-widget-heading .elementor-heading-title.elementor-size-xxl{font-size:59px}<\/style><h2 class=\"elementor-heading-title elementor-size-default\">Exemples de projets<\/h2>\t\t<\/div>\n\t\t\t\t<\/div>\n\t\t\t\t\t<\/div>\n\t\t<\/div>\n\t\t\t\t\t\t\t<\/div>\n\t\t<\/section>\n\t\t\t\t<section class=\"elementor-section elementor-top-section elementor-element elementor-element-4373b1ca elementor-section-full_width elementor-section-height-default elementor-section-height-default wpr-particle-no wpr-jarallax-no wpr-parallax-no wpr-sticky-section-no\" data-id=\"4373b1ca\" data-element_type=\"section\">\n\t\t\t\t\t\t<div class=\"elementor-container elementor-column-gap-no\">\n\t\t\t\t\t<div class=\"elementor-column elementor-col-100 elementor-top-column elementor-element elementor-element-64f8f92f\" data-id=\"64f8f92f\" data-element_type=\"column\">\n\t\t\t<div class=\"elementor-widget-wrap elementor-element-populated\">\n\t\t\t\t\t\t\t\t<div class=\"elementor-element elementor-element-325ee039 wpr-adv-slider-columns-1 wpr-adv-slider-columns--tablet2 wpr-adv-slider-columns--mobile1 wpr-adv-slides-to-scroll-1 wpr-slider-dots-horizontal elementor-widget elementor-widget-wpr-advanced-slider\" data-id=\"325ee039\" data-element_type=\"widget\" data-settings=\"{&quot;slider_amount&quot;:&quot;1&quot;,&quot;slider_amount_tablet&quot;:&quot;2&quot;,&quot;slider_amount_mobile&quot;:1,&quot;slides_to_scroll&quot;:1}\" data-widget_type=\"wpr-advanced-slider.default\">\n\t\t\t\t<div class=\"elementor-widget-container\">\n\t\t\t\n\t\t<!-- Advanced Slider -->\n\t\t<div class=\"wpr-advanced-slider-wrap\">\n\t\t\t\n\t\t\t<div class=\"wpr-advanced-slider\" dir=\"ltr\" data-slick=\"{&quot;rtl&quot;:false,&quot;speed&quot;:700,&quot;arrows&quot;:true,&quot;dots&quot;:true,&quot;autoplay&quot;:false,&quot;autoplaySpeed&quot;:0,&quot;pauseOnHover&quot;:&quot;&quot;,&quot;prevArrow&quot;:&quot;#wpr-slider-prev-325ee039&quot;,&quot;nextArrow&quot;:&quot;#wpr-slider-next-325ee039&quot;,&quot;vertical&quot;:false}\" data-slide-effect=\"slide\">\n\t\t\t\t<div class=\"wpr-slider-item elementor-repeater-item-d54d1a2\"><div class=\"wpr-slider-item-bg \" style=\"background-image: url(https:\/\/desamiantek.fr\/wp-content\/uploads\/2023\/04\/Capture-decran-2023-04-05-a-16.59.09.png)\"><\/div><div class=\"wpr-cv-container\"><div class=\"wpr-cv-outer\"><div class=\"wpr-cv-inner\"><div class=\"wpr-slider-content\"><div class=\"wpr-slider-title\"><h2>Commune de Br\u00e9hal<\/h2><\/div><div class=\"wpr-slider-sub-title\"><h3>Accueil de professionnels de sant\u00e9<\/h3><\/div><div class=\"wpr-slider-btns\"><\/div><\/div><\/div><\/div><\/div><\/div>\t\t\t<\/div>\n\t\t\t<div class=\"wpr-slider-controls\">\n\t\t\t\t<div class=\"wpr-slider-dots\"><\/div>\n\t\t\t<\/div>\n\n\t\t\t<div class=\"wpr-slider-arrow-container\">\n\t\t\t\t<div class=\"wpr-slider-prev-arrow wpr-slider-arrow\" id=\"wpr-slider-prev-325ee039\">\n\t\t\t\t\t<svg version=\"1.1\" xmlns=\"http:\/\/www.w3.org\/2000\/svg\" xmlns:xlink=\"http:\/\/www.w3.org\/1999\/xlink\" x=\"0px\" y=\"0px\" viewBox=\"0 0 283.4 512\" style=\"enable-background:new 0 0 283.4 512;\" xml:space=\"preserve\"><g><polygon class=\"st0\" points=\"54.5,256.3 283.4,485.1 256.1,512.5 0,256.3 0,256.3 27.2,229 256.1,0 283.4,27.4 \"\/><\/g><\/svg>\t\t\t\t<\/div>\n\t\t\t\t<div class=\"wpr-slider-next-arrow wpr-slider-arrow\" id=\"wpr-slider-next-325ee039\">\n\t\t\t\t\t<svg version=\"1.1\" xmlns=\"http:\/\/www.w3.org\/2000\/svg\" xmlns:xlink=\"http:\/\/www.w3.org\/1999\/xlink\" x=\"0px\" y=\"0px\" viewBox=\"0 0 283.4 512\" style=\"enable-background:new 0 0 283.4 512;\" xml:space=\"preserve\"><g><polygon class=\"st0\" points=\"54.5,256.3 283.4,485.1 256.1,512.5 0,256.3 0,256.3 27.2,229 256.1,0 283.4,27.4 \"\/><\/g><\/svg>\t\t\t\t<\/div>\n\t\t\t<\/div>\n\t\t\t\n\t\t\t\n\t\t<\/div>\n\t\t\t\t<\/div>\n\t\t\t\t<\/div>\n\t\t\t\t\t<\/div>\n\t\t<\/div>\n\t\t\t\t\t\t\t<\/div>\n\t\t<\/section>\n\t\t\t\t<section class=\"elementor-section elementor-top-section elementor-element elementor-element-acb04bb elementor-section-full_width elementor-section-height-default elementor-section-height-default wpr-particle-no wpr-jarallax-no wpr-parallax-no wpr-sticky-section-no\" data-id=\"acb04bb\" data-element_type=\"section\">\n\t\t\t\t\t\t<div class=\"elementor-container elementor-column-gap-no\">\n\t\t\t\t\t<div class=\"elementor-column elementor-col-100 elementor-top-column elementor-element elementor-element-b2f05cd\" data-id=\"b2f05cd\" data-element_type=\"column\">\n\t\t\t<div class=\"elementor-widget-wrap elementor-element-populated\">\n\t\t\t\t\t\t\t\t<div class=\"elementor-element elementor-element-6f19604 wpr-adv-slider-columns-1 wpr-adv-slider-columns--tablet2 wpr-adv-slider-columns--mobile1 wpr-adv-slides-to-scroll-1 wpr-slider-dots-horizontal elementor-widget elementor-widget-wpr-advanced-slider\" data-id=\"6f19604\" data-element_type=\"widget\" data-settings=\"{&quot;slider_amount&quot;:&quot;1&quot;,&quot;slider_amount_tablet&quot;:&quot;2&quot;,&quot;slider_amount_mobile&quot;:1,&quot;slides_to_scroll&quot;:1}\" data-widget_type=\"wpr-advanced-slider.default\">\n\t\t\t\t<div class=\"elementor-widget-container\">\n\t\t\t\n\t\t<!-- Advanced Slider -->\n\t\t<div class=\"wpr-advanced-slider-wrap\">\n\t\t\t\n\t\t\t<div class=\"wpr-advanced-slider\" dir=\"ltr\" data-slick=\"{&quot;rtl&quot;:false,&quot;speed&quot;:700,&quot;arrows&quot;:true,&quot;dots&quot;:true,&quot;autoplay&quot;:false,&quot;autoplaySpeed&quot;:0,&quot;pauseOnHover&quot;:&quot;&quot;,&quot;prevArrow&quot;:&quot;#wpr-slider-prev-6f19604&quot;,&quot;nextArrow&quot;:&quot;#wpr-slider-next-6f19604&quot;,&quot;vertical&quot;:false}\" data-slide-effect=\"slide\">\n\t\t\t\t<div class=\"wpr-slider-item elementor-repeater-item-5aecbdb\"><div class=\"wpr-slider-item-bg \" style=\"background-image: url(https:\/\/desamiantek.fr\/wp-content\/uploads\/2023\/04\/Capture-decran-2023-04-05-a-17.03.48.png)\"><\/div><div class=\"wpr-cv-container\"><div class=\"wpr-cv-outer\"><div class=\"wpr-cv-inner\"><div class=\"wpr-slider-content\"><div class=\"wpr-slider-title\"><h2>Commune de Sill\u00e9 Le Guillaume<\/h2><\/div><div class=\"wpr-slider-sub-title\"><h3>Salle de danse et de loisir<\/h3><\/div><div class=\"wpr-slider-btns\"><\/div><\/div><\/div><\/div><\/div><\/div>\t\t\t<\/div>\n\t\t\t<div class=\"wpr-slider-controls\">\n\t\t\t\t<div class=\"wpr-slider-dots\"><\/div>\n\t\t\t<\/div>\n\n\t\t\t<div class=\"wpr-slider-arrow-container\">\n\t\t\t\t<div class=\"wpr-slider-prev-arrow wpr-slider-arrow\" id=\"wpr-slider-prev-6f19604\">\n\t\t\t\t\t<svg version=\"1.1\" xmlns=\"http:\/\/www.w3.org\/2000\/svg\" xmlns:xlink=\"http:\/\/www.w3.org\/1999\/xlink\" x=\"0px\" y=\"0px\" viewBox=\"0 0 283.4 512\" style=\"enable-background:new 0 0 283.4 512;\" xml:space=\"preserve\"><g><polygon class=\"st0\" points=\"54.5,256.3 283.4,485.1 256.1,512.5 0,256.3 0,256.3 27.2,229 256.1,0 283.4,27.4 \"\/><\/g><\/svg>\t\t\t\t<\/div>\n\t\t\t\t<div class=\"wpr-slider-next-arrow wpr-slider-arrow\" id=\"wpr-slider-next-6f19604\">\n\t\t\t\t\t<svg version=\"1.1\" xmlns=\"http:\/\/www.w3.org\/2000\/svg\" xmlns:xlink=\"http:\/\/www.w3.org\/1999\/xlink\" x=\"0px\" y=\"0px\" viewBox=\"0 0 283.4 512\" style=\"enable-background:new 0 0 283.4 512;\" xml:space=\"preserve\"><g><polygon class=\"st0\" points=\"54.5,256.3 283.4,485.1 256.1,512.5 0,256.3 0,256.3 27.2,229 256.1,0 283.4,27.4 \"\/><\/g><\/svg>\t\t\t\t<\/div>\n\t\t\t<\/div>\n\t\t\t\n\t\t\t\n\t\t<\/div>\n\t\t\t\t<\/div>\n\t\t\t\t<\/div>\n\t\t\t\t\t<\/div>\n\t\t<\/div>\n\t\t\t\t\t\t\t<\/div>\n\t\t<\/section>\n\t\t\t\t<section class=\"elementor-section elementor-top-section elementor-element elementor-element-fcd60b5 elementor-section-full_width elementor-section-height-default elementor-section-height-default wpr-particle-no wpr-jarallax-no wpr-parallax-no wpr-sticky-section-no\" data-id=\"fcd60b5\" data-element_type=\"section\">\n\t\t\t\t\t\t<div class=\"elementor-container elementor-column-gap-no\">\n\t\t\t\t\t<div class=\"elementor-column elementor-col-100 elementor-top-column elementor-element elementor-element-0522e4b\" data-id=\"0522e4b\" data-element_type=\"column\">\n\t\t\t<div class=\"elementor-widget-wrap elementor-element-populated\">\n\t\t\t\t\t\t\t\t<div class=\"elementor-element elementor-element-595a829 wpr-adv-slider-columns-1 wpr-adv-slider-columns--tablet2 wpr-adv-slider-columns--mobile1 wpr-adv-slides-to-scroll-1 wpr-slider-dots-horizontal elementor-widget elementor-widget-wpr-advanced-slider\" data-id=\"595a829\" data-element_type=\"widget\" data-settings=\"{&quot;slider_amount&quot;:&quot;1&quot;,&quot;slider_amount_tablet&quot;:&quot;2&quot;,&quot;slider_amount_mobile&quot;:1,&quot;slides_to_scroll&quot;:1}\" data-widget_type=\"wpr-advanced-slider.default\">\n\t\t\t\t<div class=\"elementor-widget-container\">\n\t\t\t\n\t\t<!-- Advanced Slider -->\n\t\t<div class=\"wpr-advanced-slider-wrap\">\n\t\t\t\n\t\t\t<div class=\"wpr-advanced-slider\" dir=\"ltr\" data-slick=\"{&quot;rtl&quot;:false,&quot;speed&quot;:700,&quot;arrows&quot;:true,&quot;dots&quot;:true,&quot;autoplay&quot;:false,&quot;autoplaySpeed&quot;:0,&quot;pauseOnHover&quot;:&quot;&quot;,&quot;prevArrow&quot;:&quot;#wpr-slider-prev-595a829&quot;,&quot;nextArrow&quot;:&quot;#wpr-slider-next-595a829&quot;,&quot;vertical&quot;:false}\" data-slide-effect=\"slide\">\n\t\t\t\t<div class=\"wpr-slider-item elementor-repeater-item-c1e9587\"><div class=\"wpr-slider-item-bg \" style=\"background-image: url(https:\/\/desamiantek.fr\/wp-content\/uploads\/2023\/04\/Capture-decran-2023-04-05-a-17.14.41.png)\"><\/div><div class=\"wpr-cv-container\"><div class=\"wpr-cv-outer\"><div class=\"wpr-cv-inner\"><div class=\"wpr-slider-content\"><div class=\"wpr-slider-title\"><h2>Commune de Bi\u00e9ville-Beuville<\/h2><\/div><div class=\"wpr-slider-sub-title\"><h3>P\u00f4le enfance et jeunesse<\/h3><\/div><div class=\"wpr-slider-btns\"><\/div><\/div><\/div><\/div><\/div><\/div>\t\t\t<\/div>\n\t\t\t<div class=\"wpr-slider-controls\">\n\t\t\t\t<div class=\"wpr-slider-dots\"><\/div>\n\t\t\t<\/div>\n\n\t\t\t<div class=\"wpr-slider-arrow-container\">\n\t\t\t\t<div class=\"wpr-slider-prev-arrow wpr-slider-arrow\" id=\"wpr-slider-prev-595a829\">\n\t\t\t\t\t<svg version=\"1.1\" xmlns=\"http:\/\/www.w3.org\/2000\/svg\" xmlns:xlink=\"http:\/\/www.w3.org\/1999\/xlink\" x=\"0px\" y=\"0px\" viewBox=\"0 0 283.4 512\" style=\"enable-background:new 0 0 283.4 512;\" xml:space=\"preserve\"><g><polygon class=\"st0\" points=\"54.5,256.3 283.4,485.1 256.1,512.5 0,256.3 0,256.3 27.2,229 256.1,0 283.4,27.4 \"\/><\/g><\/svg>\t\t\t\t<\/div>\n\t\t\t\t<div class=\"wpr-slider-next-arrow wpr-slider-arrow\" id=\"wpr-slider-next-595a829\">\n\t\t\t\t\t<svg version=\"1.1\" xmlns=\"http:\/\/www.w3.org\/2000\/svg\" xmlns:xlink=\"http:\/\/www.w3.org\/1999\/xlink\" x=\"0px\" y=\"0px\" viewBox=\"0 0 283.4 512\" style=\"enable-background:new 0 0 283.4 512;\" xml:space=\"preserve\"><g><polygon class=\"st0\" points=\"54.5,256.3 283.4,485.1 256.1,512.5 0,256.3 0,256.3 27.2,229 256.1,0 283.4,27.4 \"\/><\/g><\/svg>\t\t\t\t<\/div>\n\t\t\t<\/div>\n\t\t\t\n\t\t\t\n\t\t<\/div>\n\t\t\t\t<\/div>\n\t\t\t\t<\/div>\n\t\t\t\t\t<\/div>\n\t\t<\/div>\n\t\t\t\t\t\t\t<\/div>\n\t\t<\/section>\n\t\t\t\t<section class=\"elementor-section elementor-top-section elementor-element elementor-element-6cb2edc elementor-section-boxed elementor-section-height-default elementor-section-height-default wpr-particle-no wpr-jarallax-no wpr-parallax-no wpr-sticky-section-no\" data-id=\"6cb2edc\" data-element_type=\"section\">\n\t\t\t\t\t\t<div class=\"elementor-container elementor-column-gap-default\">\n\t\t\t\t\t<div class=\"elementor-column elementor-col-100 elementor-top-column elementor-element elementor-element-affff02\" data-id=\"affff02\" data-element_type=\"column\">\n\t\t\t<div class=\"elementor-widget-wrap elementor-element-populated\">\n\t\t\t\t\t\t\t\t<div class=\"elementor-element elementor-element-99e4ca8 elementor-align-center elementor-widget elementor-widget-button\" data-id=\"99e4ca8\" data-element_type=\"widget\" data-widget_type=\"button.default\">\n\t\t\t\t<div class=\"elementor-widget-container\">\n\t\t\t\t\t<div class=\"elementor-button-wrapper\">\n\t\t\t<a href=\"https:\/\/desamiantek.fr\/index.php\/contact\/\" class=\"elementor-button-link elementor-button elementor-size-lg\" role=\"button\">\n\t\t\t\t\t\t<span class=\"elementor-button-content-wrapper\">\n\t\t\t\t\t\t<span class=\"elementor-button-text\">Nous contacter<\/span>\n\t\t<\/span>\n\t\t\t\t\t<\/a>\n\t\t<\/div>\n\t\t\t\t<\/div>\n\t\t\t\t<\/div>\n\t\t\t\t\t<\/div>\n\t\t<\/div>\n\t\t\t\t\t\t\t<\/div>\n\t\t<\/section>\n\t\t\t\t\t\t\t<\/div>\n\t\t","protected":false},"excerpt":{"rendered":"<p>Exemples de projets Commune de Br\u00e9hal Accueil de professionnels de sant\u00e9 Commune de Sill\u00e9 Le Guillaume Salle de danse et de loisir Commune de Bi\u00e9ville-Beuville P\u00f4le enfance et jeunesse Nous contacter<\/p>\n","protected":false},"author":1,"featured_media":0,"parent":0,"menu_order":0,"comment_status":"closed","ping_status":"closed","template":"elementor_canvas","meta":{"footnotes":""},"class_list":["post-97","page","type-page","status-publish","hentry"],"yoast_head":"<!-- This site is optimized with the Yoast SEO plugin v20.4 - https:\/\/yoast.com\/wordpress\/plugins\/seo\/ -->\n<title>Projects - Desamiantek<\/title>\n<meta name=\"description\" content=\"D\u00e9couvrez des exemples de projets r\u00e9alis\u00e9s par l&#039;entreprise de desamiantage desamiantek.\" \/>\n<meta name=\"robots\" content=\"index, follow, max-snippet:-1, max-image-preview:large, max-video-preview:-1\" \/>\n<link rel=\"canonical\" href=\"https:\/\/desamiantek.fr\/index.php\/projets\/\" \/>\n<meta property=\"og:locale\" content=\"fr_FR\" \/>\n<meta property=\"og:type\" content=\"article\" \/>\n<meta property=\"og:title\" content=\"Projects - Desamiantek\" \/>\n<meta property=\"og:description\" content=\"D\u00e9couvrez des exemples de projets r\u00e9alis\u00e9s par l&#039;entreprise de desamiantage desamiantek.\" \/>\n<meta property=\"og:url\" content=\"https:\/\/desamiantek.fr\/index.php\/projets\/\" \/>\n<meta property=\"og:site_name\" content=\"Desamiantek\" \/>\n<meta property=\"article:modified_time\" content=\"2023-04-06T14:18:49+00:00\" \/>\n<meta name=\"twitter:card\" content=\"summary_large_image\" \/>\n<meta name=\"twitter:label1\" content=\"Dur\u00e9e de lecture estim\u00e9e\" \/>\n\t<meta name=\"twitter:data1\" content=\"1 minute\" \/>\n<script type=\"application\/ld+json\" class=\"yoast-schema-graph\">{\"@context\":\"https:\/\/schema.org\",\"@graph\":[{\"@type\":\"WebPage\",\"@id\":\"https:\/\/desamiantek.fr\/index.php\/projets\/\",\"url\":\"https:\/\/desamiantek.fr\/index.php\/projets\/\",\"name\":\"Projects - Desamiantek\",\"isPartOf\":{\"@id\":\"https:\/\/desamiantek.fr\/#website\"},\"datePublished\":\"2021-12-12T04:34:58+00:00\",\"dateModified\":\"2023-04-06T14:18:49+00:00\",\"description\":\"D\u00e9couvrez des exemples de projets r\u00e9alis\u00e9s par l'entreprise de desamiantage desamiantek.\",\"breadcrumb\":{\"@id\":\"https:\/\/desamiantek.fr\/index.php\/projets\/#breadcrumb\"},\"inLanguage\":\"fr-FR\",\"potentialAction\":[{\"@type\":\"ReadAction\",\"target\":[\"https:\/\/desamiantek.fr\/index.php\/projets\/\"]}]},{\"@type\":\"BreadcrumbList\",\"@id\":\"https:\/\/desamiantek.fr\/index.php\/projets\/#breadcrumb\",\"itemListElement\":[{\"@type\":\"ListItem\",\"position\":1,\"name\":\"Accueil\",\"item\":\"https:\/\/desamiantek.fr\/\"},{\"@type\":\"ListItem\",\"position\":2,\"name\":\"Projects\"}]},{\"@type\":\"WebSite\",\"@id\":\"https:\/\/desamiantek.fr\/#website\",\"url\":\"https:\/\/desamiantek.fr\/\",\"name\":\"Desamiantek\",\"description\":\"\u00c9radiquer l&#039;amiante. Des professionnels qualifi\u00e9s pour le d\u00e9samiantage de vos chantiers\",\"publisher\":{\"@id\":\"https:\/\/desamiantek.fr\/#organization\"},\"potentialAction\":[{\"@type\":\"SearchAction\",\"target\":{\"@type\":\"EntryPoint\",\"urlTemplate\":\"https:\/\/desamiantek.fr\/?s={search_term_string}\"},\"query-input\":\"required name=search_term_string\"}],\"inLanguage\":\"fr-FR\"},{\"@type\":\"Organization\",\"@id\":\"https:\/\/desamiantek.fr\/#organization\",\"name\":\"Desamiantek\",\"url\":\"https:\/\/desamiantek.fr\/\",\"logo\":{\"@type\":\"ImageObject\",\"inLanguage\":\"fr-FR\",\"@id\":\"https:\/\/desamiantek.fr\/#\/schema\/logo\/image\/\",\"url\":\"https:\/\/desamiantek.fr\/wp-content\/uploads\/2023\/04\/Sans-titre-131.png\",\"contentUrl\":\"https:\/\/desamiantek.fr\/wp-content\/uploads\/2023\/04\/Sans-titre-131.png\",\"width\":500,\"height\":500,\"caption\":\"Desamiantek\"},\"image\":{\"@id\":\"https:\/\/desamiantek.fr\/#\/schema\/logo\/image\/\"}}]}<\/script>\n<!-- \/ Yoast SEO plugin. -->","yoast_head_json":{"title":"Projects - Desamiantek","description":"D\u00e9couvrez des exemples de projets r\u00e9alis\u00e9s par l'entreprise de desamiantage desamiantek.","robots":{"index":"index","follow":"follow","max-snippet":"max-snippet:-1","max-image-preview":"max-image-preview:large","max-video-preview":"max-video-preview:-1"},"canonical":"https:\/\/desamiantek.fr\/index.php\/projets\/","og_locale":"fr_FR","og_type":"article","og_title":"Projects - Desamiantek","og_description":"D\u00e9couvrez des exemples de projets r\u00e9alis\u00e9s par l'entreprise de desamiantage desamiantek.","og_url":"https:\/\/desamiantek.fr\/index.php\/projets\/","og_site_name":"Desamiantek","article_modified_time":"2023-04-06T14:18:49+00:00","twitter_card":"summary_large_image","twitter_misc":{"Dur\u00e9e de lecture estim\u00e9e":"1 minute"},"schema":{"@context":"https:\/\/schema.org","@graph":[{"@type":"WebPage","@id":"https:\/\/desamiantek.fr\/index.php\/projets\/","url":"https:\/\/desamiantek.fr\/index.php\/projets\/","name":"Projects - Desamiantek","isPartOf":{"@id":"https:\/\/desamiantek.fr\/#website"},"datePublished":"2021-12-12T04:34:58+00:00","dateModified":"2023-04-06T14:18:49+00:00","description":"D\u00e9couvrez des exemples de projets r\u00e9alis\u00e9s par l'entreprise de desamiantage desamiantek.","breadcrumb":{"@id":"https:\/\/desamiantek.fr\/index.php\/projets\/#breadcrumb"},"inLanguage":"fr-FR","potentialAction":[{"@type":"ReadAction","target":["https:\/\/desamiantek.fr\/index.php\/projets\/"]}]},{"@type":"BreadcrumbList","@id":"https:\/\/desamiantek.fr\/index.php\/projets\/#breadcrumb","itemListElement":[{"@type":"ListItem","position":1,"name":"Accueil","item":"https:\/\/desamiantek.fr\/"},{"@type":"ListItem","position":2,"name":"Projects"}]},{"@type":"WebSite","@id":"https:\/\/desamiantek.fr\/#website","url":"https:\/\/desamiantek.fr\/","name":"Desamiantek","description":"\u00c9radiquer l&#039;amiante. Des professionnels qualifi\u00e9s pour le d\u00e9samiantage de vos chantiers","publisher":{"@id":"https:\/\/desamiantek.fr\/#organization"},"potentialAction":[{"@type":"SearchAction","target":{"@type":"EntryPoint","urlTemplate":"https:\/\/desamiantek.fr\/?s={search_term_string}"},"query-input":"required name=search_term_string"}],"inLanguage":"fr-FR"},{"@type":"Organization","@id":"https:\/\/desamiantek.fr\/#organization","name":"Desamiantek","url":"https:\/\/desamiantek.fr\/","logo":{"@type":"ImageObject","inLanguage":"fr-FR","@id":"https:\/\/desamiantek.fr\/#\/schema\/logo\/image\/","url":"https:\/\/desamiantek.fr\/wp-content\/uploads\/2023\/04\/Sans-titre-131.png","contentUrl":"https:\/\/desamiantek.fr\/wp-content\/uploads\/2023\/04\/Sans-titre-131.png","width":500,"height":500,"caption":"Desamiantek"},"image":{"@id":"https:\/\/desamiantek.fr\/#\/schema\/logo\/image\/"}}]}},"_links":{"self":[{"href":"https:\/\/desamiantek.fr\/index.php\/wp-json\/wp\/v2\/pages\/97","targetHints":{"allow":["GET"]}}],"collection":[{"href":"https:\/\/desamiantek.fr\/index.php\/wp-json\/wp\/v2\/pages"}],"about":[{"href":"https:\/\/desamiantek.fr\/index.php\/wp-json\/wp\/v2\/types\/page"}],"author":[{"embeddable":true,"href":"https:\/\/desamiantek.fr\/index.php\/wp-json\/wp\/v2\/users\/1"}],"replies":[{"embeddable":true,"href":"https:\/\/desamiantek.fr\/index.php\/wp-json\/wp\/v2\/comments?post=97"}],"version-history":[{"count":23,"href":"https:\/\/desamiantek.fr\/index.php\/wp-json\/wp\/v2\/pages\/97\/revisions"}],"predecessor-version":[{"id":903,"href":"https:\/\/desamiantek.fr\/index.php\/wp-json\/wp\/v2\/pages\/97\/revisions\/903"}],"wp:attachment":[{"href":"https:\/\/desamiantek.fr\/index.php\/wp-json\/wp\/v2\/media?parent=97"}],"curies":[{"name":"wp","href":"https:\/\/api.w.org\/{rel}","templated":true}]}}